{"id":1842,"date":"2014-01-21T10:13:43","date_gmt":"2014-01-21T10:13:43","guid":{"rendered":"http:\/\/www.rockgegenrechts.com\/?page_id=1842"},"modified":"2021-01-27T20:33:28","modified_gmt":"2021-01-27T20:33:28","slug":"fette-elke-mobiles-tanzlokal","status":"publish","type":"page","link":"http:\/\/www.rockgegenrechts.com\/?page_id=1842","title":{"rendered":"Fette Elke &#8211; mobiles Tanzlokal"},"content":{"rendered":"<p><img loading=\"lazy\" decoding=\"async\" class=\"aligncenter wp-image-4471\" src=\"https:\/\/rockgegenrechts.bplaced.net\/wp-content\/uploads\/2018\/07\/fette-elke-logo-1890151276..jpg\" alt=\"\" width=\"324\" height=\"324\" srcset=\"https:\/\/rockgegenrechts.bplaced.net\/wp-content\/uploads\/2018\/07\/fette-elke-logo-1890151276..jpg 960w, https:\/\/rockgegenrechts.bplaced.net\/wp-content\/uploads\/2018\/07\/fette-elke-logo-1890151276.-150x150.jpg 150w, https:\/\/rockgegenrechts.bplaced.net\/wp-content\/uploads\/2018\/07\/fette-elke-logo-1890151276.-500x500.jpg 500w\" sizes=\"(max-width: 324px) 100vw, 324px\" \/><\/p>\n<p style=\"text-align: center;\"><strong>Projekt &#8222;Fette Elke&#8220;<\/strong><\/p>\n<p><a title=\"Jetzt spenden f\u00fcr \u201eFette Elke - Tanzlokal \u201c auf betterplace.org!\" href=\"https:\/\/www.betterplace.org\/de\/projects\/62431-fette-elke-tanzlokal\/donations\/new?utm_campaign=donate_btn&amp;utm_content=project%2362431&amp;utm_medium=external_banner&amp;utm_source=projects\" target=\"_blank\" rel=\"noopener\"><img loading=\"lazy\" decoding=\"async\" class=\"alignright\" src=\"https:\/\/betterplace-assets.betterplace.org\/static-images\/projects\/donation-button-de.png\" alt=\"Jetzt Spenden! Das Spendenformular wird von betterplace.org bereit gestellt.\" width=\"160\" height=\"100\" \/><\/a><\/p>\n<p><strong><img loading=\"lazy\" decoding=\"async\" src=\"https:\/\/www.paypal.com\/de_DE\/i\/scr\/pixel.gif\" alt=\"\" width=\"1\" height=\"1\" border=\"0\" \/><\/strong><\/p>\n<p><strong>Was ist die &#8222;Fette Elke&#8220;?<\/strong><br \/>\nDie Fette Elke ist ein Mercedes Sprinter, der zur Tanzfl\u00e4che inkl. Sound- und Lichttechnik umfunktioniert wurde. Das Projekt sieht seinen Zweck besonders darin, ortsans\u00e4ssige Akteure, die sich f\u00fcr Demokratie, Weltoffenheit und Belebung der l\u00e4ndlichen Regionen einsetzen, in ihrem Wirken zu unterst\u00fctzen. Damit soll zusammen mit den Akteuren- der zunehmenden \u201eVer\u00f6dung\u201c dieser Landstriche undinsbesondere der Entwicklung der Rechtsrock-Szene entgegengewirkt werden. Durch diese unterst\u00fctzende Wirkung wird die Fette Elke auch einen Beitrag zu einer offenen und aktiven B\u00fcrgerschaft sowie direkte Pr\u00e4vention gegen Rechtsextremismus vor Allem bei jungen Menschen leisten.<\/p>\n<p><iframe loading=\"lazy\" src=\"https:\/\/www.youtube.com\/embed\/MUDIPKJPGB0?rel=0\" width=\"560\" height=\"315\" frameborder=\"0\" allowfullscreen=\"allowfullscreen\" data-mce-fragment=\"1\"><\/iframe><\/p>\n<p><iframe loading=\"lazy\" src=\"https:\/\/player.vimeo.com\/video\/414423485?title=0&amp;byline=0\" width=\"640\" height=\"360\" frameborder=\"0\" allowfullscreen=\"allowfullscreen\"><\/iframe><\/p>\n<p><strong>Was wir m\u00f6chten!<\/strong><br \/>\nWir m\u00f6chten Initiativen und Einzelpersonen vor Ort unterst\u00fctzen, die trotz des gesellschaftlichen und politischen Rechtsrucks, der rechten Tristesse ihre Ideen und Tr\u00e4ume entgegensetzen. Wir m\u00f6chten den Zusammenhalt der Menschen st\u00e4rken, die der rechten &#8222;Bewegung&#8220; in M-V noch entgegentreten. Das Projekt richtet sich an Menschen, die Kultur in l\u00e4ndlichen Regionen schaffen und nicht danach schauen woher Menschen kommen, sondern darauf achten was sie im Herzen haben. Uns ist es wichtig, unabh\u00e4ngig und selbstbewusst gerade dort hinzugehen wo die demokratischen Kr\u00e4fte schon l\u00e4ngst von der Bildfl\u00e4che verschwunden sind.<\/p>\n<p><strong>Ziel des Projektes!<\/strong><br \/>\nZiel des Projektes ist es, urbanes Nachtleben auch in abgelegenen Regionen anbieten zu k\u00f6nnen um diese vor Allem f\u00fcr junge Menschen attraktiver zu machen. Des weiteren sollen bereits bestehende demokratische Projekte und Aktionen unterst\u00fctzt werden indem die Fette Elke deren kulturelles Angebot erweitert. Die allgemeine Ausweitung des kulturellen Angebots soll einen Beitrag dazu leisten, junge Menschen vermehrt in der Region zu halten und somit ein weiteres &#8222;Ausbluten&#8220; der Provinzen einzud\u00e4mmen. Im Endeffekt wird ein lebendiges und attraktives Mecklenburg-Vorpommern mit einer jungen, interessierten und in allen Bereichen der Gesellschaft engagierten Bev\u00f6lkerung angestrebt. Die Fette Elke wird zusammen mit vielen weiteren Initiativen daran mitwirken.<\/p>\n<p><strong>Was genau war jetzt die &#8222;Fette Elke&#8220;?<\/strong><br \/>\nDie Fette Elke ist ein Mercedes Sprinter, der zur Tanzfl\u00e4che inkl. Sound- und Lichttechnik funktioniert wurde. Sie bietet mit 6 Quadratmeter Innenfl\u00e4che und einer Stehh\u00f6he von 2,5 m Platz f\u00fcr bis zu 25 Menschen. Durch die geringe Gr\u00f6\u00dfe der Tanzfl\u00e4che und die Federung des Busses entsteht schon mit wenigen Leuten ein ganz besonderes Tanzerlebnis. Ein weiterer Vorteil des Konzeptes ist die extreme Flexibilit\u00e4t. Das Fahrzeug ist ein weitgehend handels\u00fcblicher Transporter und kann mit einem einfachen PKW-F\u00fchrerschein gefahren werden. Am Zielort angekommen, ist der Bus innerhalb weniger Minuten einsatzbereit. Durch den geringen finanziellen und zeitlichen Aufwand f\u00fcr eine Veranstaltung ist die Fette Elke wie ma\u00dfgeschneidert f\u00fcr die d\u00fcnn besiedelten Gebiete in M-V.<\/p>\n<p>Mehr Infos zum Projekt auch auf der zugeh\u00f6rigen <a href=\"https:\/\/www.facebook.com\/FetteElkeTanzlokal\/\" target=\"_blank\" rel=\"noopener\">Facebookseite<\/a>! Schreibt uns eine <a href=\"http:\/\/www.rockgegenrechts.com\/?page_id=7\" target=\"_blank\" rel=\"noopener\">e-Mail<\/a>, wenn es Fragen, Anregungen oder Interesse geben sollte! Die Elke kann auch gemietet werden!<\/p>\n<p class=\"jetpack-slideshow-noscript robots-nocontent\">Diese Diashow ben\u00f6tigt JavaScript.<\/p><div id=\"gallery-1842-1-slideshow\" class=\"jetpack-slideshow-window jetpack-slideshow jetpack-slideshow-black\" data-trans=\"fade\" data-autostart=\"1\" data-gallery=\"[{&quot;src&quot;:&quot;https:\\\/\\\/rockgegenrechts.bplaced.net\\\/wp-content\\\/uploads\\\/2019\\\/11\\\/jens-knoop-img_20170909_150628-01-015554708649096081636..jpg&quot;,&quot;id&quot;:&quot;5033&quot;,&quot;title&quot;:&quot;jens knoop -img_20170909_150628-01-015554708649096081636..jpg&quot;,&quot;alt&quot;:&quot;&quot;,&quot;caption&quot;:&quot;&quot;,&quot;itemprop&quot;:&quot;image&quot;},{&quot;src&quot;:&quot;https:\\\/\\\/rockgegenrechts.bplaced.net\\\/wp-content\\\/uploads\\\/2019\\\/11\\\/dscn99458477603009597543010.jpg&quot;,&quot;id&quot;:&quot;5032&quot;,&quot;title&quot;:&quot;dscn99458477603009597543010.jpg&quot;,&quot;alt&quot;:&quot;&quot;,&quot;caption&quot;:&quot;&quot;,&quot;itemprop&quot;:&quot;image&quot;},{&quot;src&quot;:&quot;https:\\\/\\\/rockgegenrechts.bplaced.net\\\/wp-content\\\/uploads\\\/2019\\\/11\\\/kopie-von-19-07-27_neubrandenburg_nacht-c-oliver-borchert-523853491829782380318..jpg&quot;,&quot;id&quot;:&quot;5031&quot;,&quot;title&quot;:&quot;kopie von 19-07-27_neubrandenburg_nacht (c) oliver borchert (52)3853491829782380318..jpg&quot;,&quot;alt&quot;:&quot;&quot;,&quot;caption&quot;:&quot;&quot;,&quot;itemprop&quot;:&quot;image&quot;},{&quot;src&quot;:&quot;https:\\\/\\\/rockgegenrechts.bplaced.net\\\/wp-content\\\/uploads\\\/2019\\\/11\\\/jens-knoop-dsc_0043-012729278239739705727..jpg&quot;,&quot;id&quot;:&quot;5030&quot;,&quot;title&quot;:&quot;jens knoop \\u0026#8211; dsc_0043-012729278239739705727..jpg&quot;,&quot;alt&quot;:&quot;&quot;,&quot;caption&quot;:&quot;&quot;,&quot;itemprop&quot;:&quot;image&quot;},{&quot;src&quot;:&quot;https:\\\/\\\/rockgegenrechts.bplaced.net\\\/wp-content\\\/uploads\\\/2019\\\/11\\\/jens-knoop-img_20190819_112740_996226391579785548033..jpg&quot;,&quot;id&quot;:&quot;5028&quot;,&quot;title&quot;:&quot;jens knoop -img_20190819_112740_996226391579785548033..jpg&quot;,&quot;alt&quot;:&quot;&quot;,&quot;caption&quot;:&quot;&quot;,&quot;itemprop&quot;:&quot;image&quot;},{&quot;src&quot;:&quot;https:\\\/\\\/rockgegenrechts.bplaced.net\\\/wp-content\\\/uploads\\\/2019\\\/11\\\/dscn99256856847979206526288.jpg&quot;,&quot;id&quot;:&quot;5029&quot;,&quot;title&quot;:&quot;dscn99256856847979206526288.jpg&quot;,&quot;alt&quot;:&quot;&quot;,&quot;caption&quot;:&quot;&quot;,&quot;itemprop&quot;:&quot;image&quot;},{&quot;src&quot;:&quot;https:\\\/\\\/rockgegenrechts.bplaced.net\\\/wp-content\\\/uploads\\\/2019\\\/11\\\/kopie-von-19-07-27_neubrandenburg_nacht-c-oliver-borchert-18656701677824782486..jpg&quot;,&quot;id&quot;:&quot;5027&quot;,&quot;title&quot;:&quot;kopie von 19-07-27_neubrandenburg_nacht (c) oliver borchert (18)656701677824782486..jpg&quot;,&quot;alt&quot;:&quot;&quot;,&quot;caption&quot;:&quot;&quot;,&quot;itemprop&quot;:&quot;image&quot;},{&quot;src&quot;:&quot;https:\\\/\\\/rockgegenrechts.bplaced.net\\\/wp-content\\\/uploads\\\/2019\\\/11\\\/kopie-von-19-07-27_neubrandenburg_nacht-c-oliver-borchert-196406769944087669354..jpg&quot;,&quot;id&quot;:&quot;5026&quot;,&quot;title&quot;:&quot;kopie von 19-07-27_neubrandenburg_nacht (c) oliver borchert (19)6406769944087669354..jpg&quot;,&quot;alt&quot;:&quot;&quot;,&quot;caption&quot;:&quot;&quot;,&quot;itemprop&quot;:&quot;image&quot;},{&quot;src&quot;:&quot;https:\\\/\\\/rockgegenrechts.bplaced.net\\\/wp-content\\\/uploads\\\/2019\\\/11\\\/screenshot_20191108_0855442465566680603187270.jpg&quot;,&quot;id&quot;:&quot;5025&quot;,&quot;title&quot;:&quot;screenshot_20191108_0855442465566680603187270.jpg&quot;,&quot;alt&quot;:&quot;&quot;,&quot;caption&quot;:&quot;&quot;,&quot;itemprop&quot;:&quot;image&quot;},{&quot;src&quot;:&quot;https:\\\/\\\/rockgegenrechts.bplaced.net\\\/wp-content\\\/uploads\\\/2019\\\/11\\\/screenshot_20191104_203924-016130650088038955196.jpeg&quot;,&quot;id&quot;:&quot;5024&quot;,&quot;title&quot;:&quot;screenshot_20191104_203924-016130650088038955196.jpeg&quot;,&quot;alt&quot;:&quot;&quot;,&quot;caption&quot;:&quot;&quot;,&quot;itemprop&quot;:&quot;image&quot;},{&quot;src&quot;:&quot;https:\\\/\\\/rockgegenrechts.bplaced.net\\\/wp-content\\\/uploads\\\/2019\\\/11\\\/jens-knoop-dsc_00427973291061451347216..jpg&quot;,&quot;id&quot;:&quot;5023&quot;,&quot;title&quot;:&quot;jens knoop \\u0026#8211; dsc_00427973291061451347216..jpg&quot;,&quot;alt&quot;:&quot;&quot;,&quot;caption&quot;:&quot;&quot;,&quot;itemprop&quot;:&quot;image&quot;},{&quot;src&quot;:&quot;https:\\\/\\\/rockgegenrechts.bplaced.net\\\/wp-content\\\/uploads\\\/2019\\\/11\\\/kopie-von-19-07-27_neubrandenburg_nacht-c-oliver-borchert-255569550715622348456..jpg&quot;,&quot;id&quot;:&quot;5022&quot;,&quot;title&quot;:&quot;kopie von 19-07-27_neubrandenburg_nacht (c) oliver borchert (25)5569550715622348456..jpg&quot;,&quot;alt&quot;:&quot;&quot;,&quot;caption&quot;:&quot;&quot;,&quot;itemprop&quot;:&quot;image&quot;},{&quot;src&quot;:&quot;https:\\\/\\\/rockgegenrechts.bplaced.net\\\/wp-content\\\/uploads\\\/2019\\\/11\\\/jens-knoop-dsc_0049-01-013091279285734324596..jpg&quot;,&quot;id&quot;:&quot;5020&quot;,&quot;title&quot;:&quot;jens knoop \\u0026#8211; dsc_0049-01-013091279285734324596..jpg&quot;,&quot;alt&quot;:&quot;&quot;,&quot;caption&quot;:&quot;&quot;,&quot;itemprop&quot;:&quot;image&quot;},{&quot;src&quot;:&quot;https:\\\/\\\/rockgegenrechts.bplaced.net\\\/wp-content\\\/uploads\\\/2019\\\/11\\\/jens-knoop-img_20190819_112740_9753614561381830735192..jpg&quot;,&quot;id&quot;:&quot;5021&quot;,&quot;title&quot;:&quot;jens knoop -img_20190819_112740_9753614561381830735192..jpg&quot;,&quot;alt&quot;:&quot;&quot;,&quot;caption&quot;:&quot;&quot;,&quot;itemprop&quot;:&quot;image&quot;},{&quot;src&quot;:&quot;https:\\\/\\\/rockgegenrechts.bplaced.net\\\/wp-content\\\/uploads\\\/2019\\\/11\\\/jens-knoop-dsc_00401722966029296242951..jpg&quot;,&quot;id&quot;:&quot;5019&quot;,&quot;title&quot;:&quot;jens knoop \\u0026#8211; dsc_00401722966029296242951..jpg&quot;,&quot;alt&quot;:&quot;&quot;,&quot;caption&quot;:&quot;&quot;,&quot;itemprop&quot;:&quot;image&quot;},{&quot;src&quot;:&quot;https:\\\/\\\/rockgegenrechts.bplaced.net\\\/wp-content\\\/uploads\\\/2019\\\/11\\\/kopie-von-19-07-27_neubrandenburg_nacht-c-oliver-borchert-237844275513551712045..jpg&quot;,&quot;id&quot;:&quot;5018&quot;,&quot;title&quot;:&quot;kopie von 19-07-27_neubrandenburg_nacht (c) oliver borchert (23)7844275513551712045..jpg&quot;,&quot;alt&quot;:&quot;&quot;,&quot;caption&quot;:&quot;&quot;,&quot;itemprop&quot;:&quot;image&quot;},{&quot;src&quot;:&quot;https:\\\/\\\/rockgegenrechts.bplaced.net\\\/wp-content\\\/uploads\\\/2019\\\/11\\\/jens-knoop-dsc_0990_1-01958969587702466996..jpg&quot;,&quot;id&quot;:&quot;5016&quot;,&quot;title&quot;:&quot;jens knoop \\u0026#8211; dsc_0990_1-01958969587702466996..jpg&quot;,&quot;alt&quot;:&quot;&quot;,&quot;caption&quot;:&quot;&quot;,&quot;itemprop&quot;:&quot;image&quot;},{&quot;src&quot;:&quot;https:\\\/\\\/rockgegenrechts.bplaced.net\\\/wp-content\\\/uploads\\\/2019\\\/11\\\/kopie-von-19-07-27_neubrandenburg_nacht-c-oliver-borchert-262754253783324324815..jpg&quot;,&quot;id&quot;:&quot;5017&quot;,&quot;title&quot;:&quot;kopie von 19-07-27_neubrandenburg_nacht (c) oliver borchert (26)2754253783324324815..jpg&quot;,&quot;alt&quot;:&quot;&quot;,&quot;caption&quot;:&quot;&quot;,&quot;itemprop&quot;:&quot;image&quot;},{&quot;src&quot;:&quot;https:\\\/\\\/rockgegenrechts.bplaced.net\\\/wp-content\\\/uploads\\\/2019\\\/11\\\/kopie-von-19-07-27_neubrandenburg_nacht-c-oliver-borchert-178990108312481140236..jpg&quot;,&quot;id&quot;:&quot;5015&quot;,&quot;title&quot;:&quot;kopie von 19-07-27_neubrandenburg_nacht (c) oliver borchert (17)8990108312481140236..jpg&quot;,&quot;alt&quot;:&quot;&quot;,&quot;caption&quot;:&quot;&quot;,&quot;itemprop&quot;:&quot;image&quot;},{&quot;src&quot;:&quot;https:\\\/\\\/rockgegenrechts.bplaced.net\\\/wp-content\\\/uploads\\\/2019\\\/11\\\/jens-knoop-dsc_0977_1-016895387679646036620..jpg&quot;,&quot;id&quot;:&quot;5014&quot;,&quot;title&quot;:&quot;jens knoop \\u0026#8211; dsc_0977_1-016895387679646036620..jpg&quot;,&quot;alt&quot;:&quot;&quot;,&quot;caption&quot;:&quot;&quot;,&quot;itemprop&quot;:&quot;image&quot;},{&quot;src&quot;:&quot;https:\\\/\\\/rockgegenrechts.bplaced.net\\\/wp-content\\\/uploads\\\/2019\\\/02\\\/photo_2019-02-05_16-32-02.jpg&quot;,&quot;id&quot;:&quot;4822&quot;,&quot;title&quot;:&quot;photo_2019-02-05_16-32-02&quot;,&quot;alt&quot;:&quot;&quot;,&quot;caption&quot;:&quot;&quot;,&quot;itemprop&quot;:&quot;image&quot;},{&quot;src&quot;:&quot;https:\\\/\\\/rockgegenrechts.bplaced.net\\\/wp-content\\\/uploads\\\/2019\\\/11\\\/20190817_17593823219855176919480652.jpg&quot;,&quot;id&quot;:&quot;4973&quot;,&quot;title&quot;:&quot;20190817_175938(2)3219855176919480652.jpg&quot;,&quot;alt&quot;:&quot;&quot;,&quot;caption&quot;:&quot;&quot;,&quot;itemprop&quot;:&quot;image&quot;}]\" itemscope itemtype=\"https:\/\/schema.org\/ImageGallery\"><\/div>\n","protected":false},"excerpt":{"rendered":"<p>Projekt &#8222;Fette Elke&#8220; Was ist die &#8222;Fette Elke&#8220;? Die Fette Elke ist ein Mercedes Sprinter, der zur Tanzfl\u00e4che inkl. Sound- und Lichttechnik umfunktioniert wurde. Das Projekt sieht seinen Zweck besonders darin, ortsans\u00e4ssige Akteure, die sich f\u00fcr Demokratie, Weltoffenheit und Belebung der l\u00e4ndlichen Regionen einsetzen, in ihrem Wirken zu unterst\u00fctzen. Damit soll zusammen mit den Akteuren- &hellip; <a href=\"http:\/\/www.rockgegenrechts.com\/?page_id=1842\" class=\"more-link\"><span class=\"screen-reader-text\">Fette Elke &#8211; mobiles Tanzlokal<\/span> weiterlesen<\/a><\/p>\n","protected":false},"author":1,"featured_media":0,"parent":4601,"menu_order":1,"comment_status":"closed","ping_status":"closed","template":"","meta":{"jetpack_post_was_ever_published":false,"footnotes":""},"class_list":["post-1842","page","type-page","status-publish","hentry"],"jetpack_shortlink":"https:\/\/wp.me\/P63KIm-tI","jetpack_sharing_enabled":true,"_links":{"self":[{"href":"http:\/\/www.rockgegenrechts.com\/index.php?rest_route=\/wp\/v2\/pages\/1842"}],"collection":[{"href":"http:\/\/www.rockgegenrechts.com\/index.php?rest_route=\/wp\/v2\/pages"}],"about":[{"href":"http:\/\/www.rockgegenrechts.com\/index.php?rest_route=\/wp\/v2\/types\/page"}],"author":[{"embeddable":true,"href":"http:\/\/www.rockgegenrechts.com\/index.php?rest_route=\/wp\/v2\/users\/1"}],"replies":[{"embeddable":true,"href":"http:\/\/www.rockgegenrechts.com\/index.php?rest_route=%2Fwp%2Fv2%2Fcomments&post=1842"}],"version-history":[{"count":69,"href":"http:\/\/www.rockgegenrechts.com\/index.php?rest_route=\/wp\/v2\/pages\/1842\/revisions"}],"predecessor-version":[{"id":5374,"href":"http:\/\/www.rockgegenrechts.com\/index.php?rest_route=\/wp\/v2\/pages\/1842\/revisions\/5374"}],"up":[{"embeddable":true,"href":"http:\/\/www.rockgegenrechts.com\/index.php?rest_route=\/wp\/v2\/pages\/4601"}],"wp:attachment":[{"href":"http:\/\/www.rockgegenrechts.com\/index.php?rest_route=%2Fwp%2Fv2%2Fmedia&parent=1842"}],"curies":[{"name":"wp","href":"https:\/\/api.w.org\/{rel}","templated":true}]}}